{"id":424,"date":"2025-02-13T09:25:56","date_gmt":"2025-02-13T09:25:56","guid":{"rendered":"https:\/\/gogosy-mua.com\/?page_id=424"},"modified":"2025-02-20T10:43:10","modified_gmt":"2025-02-20T10:43:10","slug":"portfolio","status":"publish","type":"page","link":"https:\/\/gogosy-mua.com\/en\/portfolio\/","title":{"rendered":"Portfolio"},"content":{"rendered":"<div id=\"fws_69e1645ba8373\"  data-column-margin=\"none\" data-midnight=\"light\" data-top-percent=\"8%\" data-bottom-percent=\"8%\"  class=\"wpb_row vc_row-fluid vc_row full-width-content has-row-bg-color vc_row-o-equal-height vc_row-flex vc_row-o-content-top  zindex-set right_padding_70px left_padding_70px top_padding_tablet_30pct top_padding_phone_30pct bottom_padding_tablet_30pct bottom_padding_phone_30pct right_padding_tablet_2pct right_padding_phone_2pct left_padding_tablet_2pct left_padding_phone_2pct\"  style=\"padding-top: calc(100vw * 0.08); padding-bottom: calc(100vw * 0.08);  z-index: 10;--row-bg-color: #1a1a1a;\"><div class=\"row-bg-wrap\" data-bg-animation=\"none\" data-bg-animation-delay=\"\" data-bg-overlay=\"false\"><div class=\"inner-wrap row-bg-layer\" ><div class=\"row-bg viewport-desktop using-bg-color\"  style=\"background-color: #1a1a1a; \"><\/div><\/div><\/div><div class=\"row_col_wrap_12 col span_12 light left\">\n\t<div  class=\"vc_col-sm-12 wpb_column column_container vc_column_container col no-extra-padding inherit_tablet inherit_phone\"  data-padding-pos=\"all\" data-has-bg-color=\"false\" data-bg-color=\"\" data-bg-opacity=\"1\" data-animation=\"\" data-delay=\"0\" >\n\t\t<div class=\"vc_column-inner\" >\n\t\t\t<div class=\"wpb_wrapper\">\n\t\t\t\t<div id=\"fws_69e1645ba8dca\" data-midnight=\"\" data-column-margin=\"default\" class=\"wpb_row vc_row-fluid vc_row inner_row\"  style=\"\"><div class=\"row-bg-wrap\"> <div class=\"row-bg\" ><\/div> <\/div><div class=\"row_col_wrap_12_inner col span_12  left\">\n\t<div  class=\"vc_col-sm-12 wpb_column column_container vc_column_container col child_column centered-text no-extra-padding force-desktop-text-align-center force-tablet-text-align-center force-phone-text-align-center el_spacing_20px inherit_tablet inherit_phone\"   data-padding-pos=\"all\" data-has-bg-color=\"false\" data-bg-color=\"\" data-bg-opacity=\"1\" data-animation=\"\" data-delay=\"0\" >\n\t\t<div class=\"vc_column-inner\" >\n\t\t<div class=\"wpb_wrapper\">\n\t\t\t\n<div class=\"wpb_text_column wpb_content_element\" >\n\t<p>Makeup artist in Paris<\/p>\n<\/div>\n\n\n\n\n<div class=\"wpb_text_column wpb_content_element  bigbig hovergrey linkwhite\" >\n\t<p><a href=\"\/en\/portfolio\/artistique\/\">ARTISTIC<\/a><br \/>\n<a href=\"\/en\/portfolio\/beaute\/\">BEAUTY<\/a><br \/>\n<a href=\"\/en\/portfolio\/commercial\/\">COMMERCIAL<\/a><br \/>\n<a href=\"\/en\/portfolio\/editorial\/\">EDITORIAL<\/a><br \/>\n<a href=\"\/en\/portfolio\/test-shoot\/\">TEST SHOOT<\/a><br \/>\n<a href=\"\/en\/portfolio\/mode\/\">FASHION<\/a><\/p>\n<\/div>\n\n\n\n<a class=\"nectar-button large see-through-2  has-icon\"  role=\"button\" style=\"border-color: #ffffff; color: #ffffff;\"  href=\"\/en\/contact\/\" data-color-override=\"#ffffff\"  data-hover-color-override=\"#ffffff\" data-hover-text-color-override=\"#ffffff\"><span>Contact<\/span><i  class=\"icon-button-arrow\"><\/i><\/a>\n\t\t<\/div> \n\t<\/div>\n\t<\/div> \n<\/div><\/div>\n\t\t\t<\/div> \n\t\t<\/div>\n\t<\/div> \n<\/div><\/div>","protected":false},"excerpt":{"rendered":"Makeup artist \u00e0 Paris ARTISTIQUE BEAUT\u00c9 COMMERCIAL \u00c9DITORIAL TEST SHOOT MODE Contact","protected":false},"author":1,"featured_media":0,"parent":0,"menu_order":0,"comment_status":"closed","ping_status":"closed","template":"","meta":{"_seopress_robots_primary_cat":"","_seopress_titles_title":"","_seopress_titles_desc":"","_seopress_robots_index":"","footnotes":""},"class_list":["post-424","page","type-page","status-publish"],"jetpack_sharing_enabled":true,"_links":{"self":[{"href":"https:\/\/gogosy-mua.com\/en\/wp-json\/wp\/v2\/pages\/424","targetHints":{"allow":["GET"]}}],"collection":[{"href":"https:\/\/gogosy-mua.com\/en\/wp-json\/wp\/v2\/pages"}],"about":[{"href":"https:\/\/gogosy-mua.com\/en\/wp-json\/wp\/v2\/types\/page"}],"author":[{"embeddable":true,"href":"https:\/\/gogosy-mua.com\/en\/wp-json\/wp\/v2\/users\/1"}],"replies":[{"embeddable":true,"href":"https:\/\/gogosy-mua.com\/en\/wp-json\/wp\/v2\/comments?post=424"}],"version-history":[{"count":4,"href":"https:\/\/gogosy-mua.com\/en\/wp-json\/wp\/v2\/pages\/424\/revisions"}],"predecessor-version":[{"id":439,"href":"https:\/\/gogosy-mua.com\/en\/wp-json\/wp\/v2\/pages\/424\/revisions\/439"}],"wp:attachment":[{"href":"https:\/\/gogosy-mua.com\/en\/wp-json\/wp\/v2\/media?parent=424"}],"curies":[{"name":"wp","href":"https:\/\/api.w.org\/{rel}","templated":true}]}}