{"id":177,"date":"2025-02-12T14:17:43","date_gmt":"2025-02-12T14:17:43","guid":{"rendered":"https:\/\/gogosy-mua.com\/?page_id=177"},"modified":"2025-09-29T13:55:38","modified_gmt":"2025-09-29T11:55:38","slug":"politique-de-confidentialite","status":"publish","type":"page","link":"https:\/\/gogosy-mua.com\/en\/politique-de-confidentialite\/","title":{"rendered":"Politique de confidentialit\u00e9"},"content":{"rendered":"\n\t\t<div id=\"fws_69dc33a733e51\"  data-column-margin=\"none\" data-midnight=\"dark\" data-top-percent=\"10%\" data-bottom-percent=\"10%\"  class=\"wpb_row vc_row-fluid vc_row full-width-content has-row-bg-color vc_row-o-equal-height vc_row-flex vc_row-o-content-top  right_padding_20pct left_padding_20pct top_padding_tablet_20pct top_padding_phone_20pct bottom_padding_tablet_20pct bottom_padding_phone_20pct right_padding_tablet_3pct right_padding_phone_3pct left_padding_tablet_3pct left_padding_phone_3pct\" data-using-ctc=\"true\" style=\"padding-top: calc(100vw * 0.10); padding-bottom: calc(100vw * 0.10); color: var(--nectar-page-text-color,#000000); --row-bg-color: #ffffff;\"><div class=\"row-bg-wrap\" data-bg-animation=\"none\" data-bg-animation-delay=\"\" data-bg-overlay=\"false\"><div class=\"inner-wrap row-bg-layer\" ><div class=\"row-bg viewport-desktop using-bg-color\"  style=\"background-color: #ffffff; \"><\/div><\/div><\/div><div class=\"row_col_wrap_12 col span_12 custom left\">\n\t<div  class=\"vc_col-sm-12 wpb_column column_container vc_column_container col no-extra-padding inherit_tablet inherit_phone \"  data-padding-pos=\"all\" data-has-bg-color=\"false\" data-bg-color=\"\" data-bg-opacity=\"1\" data-animation=\"\" data-delay=\"0\" >\n\t\t<div class=\"vc_column-inner\" >\n\t\t\t<div class=\"wpb_wrapper\">\n\t\t\t\t<div id=\"fws_69dc33a73414a\" data-midnight=\"\" data-column-margin=\"default\" class=\"wpb_row vc_row-fluid vc_row inner_row\"  style=\"\"><div class=\"row-bg-wrap\"> <div class=\"row-bg\" ><\/div> <\/div><div class=\"row_col_wrap_12_inner col span_12  left\">\n\t<div  class=\"vc_col-sm-12 wpb_column column_container vc_column_container col child_column no-extra-padding inherit_tablet inherit_phone \"   data-padding-pos=\"all\" data-has-bg-color=\"false\" data-bg-color=\"\" data-bg-opacity=\"1\" data-animation=\"\" data-delay=\"0\" >\n\t\t<div class=\"vc_column-inner\" >\n\t\t<div class=\"wpb_wrapper\">\n\t\t\t\n<div class=\"wpb_text_column wpb_content_element \" >\n\t<h1>Politique de confidentialit\u00e9<\/h1>\n<\/div>\n\n\n\n\n\t\t<\/div> \n\t<\/div>\n\t<\/div> \n<\/div><\/div>\n\t\t\t<\/div> \n\t\t<\/div>\n\t<\/div> \n<\/div><\/div>\n\t\t<div id=\"fws_69dc33a734426\"  data-column-margin=\"none\" data-midnight=\"dark\" data-bottom-percent=\"15%\"  class=\"wpb_row vc_row-fluid vc_row full-width-content has-row-bg-color vc_row-o-equal-height vc_row-flex vc_row-o-content-middle  right_padding_20pct left_padding_20pct bottom_padding_tablet_25pct bottom_padding_phone_25pct right_padding_tablet_3pct right_padding_phone_3pct left_padding_tablet_3pct left_padding_phone_3pct\" data-using-ctc=\"true\" style=\"padding-top: 0px; padding-bottom: calc(100vw * 0.15); color: var(--nectar-page-text-color,#000000); --row-bg-color: #ffffff;\"><div class=\"row-bg-wrap\" data-bg-animation=\"none\" data-bg-animation-delay=\"\" data-bg-overlay=\"false\"><div class=\"inner-wrap row-bg-layer\" ><div class=\"row-bg viewport-desktop using-bg-color\"  style=\"background-color: #ffffff; \"><\/div><\/div><\/div><div class=\"row_col_wrap_12 col span_12 custom left\">\n\t<div  class=\"vc_col-sm-12 wpb_column column_container vc_column_container col no-extra-padding el_spacing_50px inherit_tablet inherit_phone \"  data-padding-pos=\"all\" data-has-bg-color=\"false\" data-bg-color=\"\" data-bg-opacity=\"1\" data-animation=\"\" data-delay=\"0\" >\n\t\t<div class=\"vc_column-inner\" >\n\t\t\t<div class=\"wpb_wrapper\">\n\t\t\t\t<div id=\"fws_69dc33a7345bd\" data-midnight=\"\" data-column-margin=\"default\" class=\"wpb_row vc_row-fluid vc_row inner_row\"  style=\"\"><div class=\"row-bg-wrap\"> <div class=\"row-bg\" ><\/div> <\/div><div class=\"row_col_wrap_12_inner col span_12  left\">\n\t<div  class=\"vc_col-sm-12 wpb_column column_container vc_column_container col child_column no-extra-padding el_spacing_10px inherit_tablet inherit_phone \"   data-padding-pos=\"all\" data-has-bg-color=\"false\" data-bg-color=\"\" data-bg-opacity=\"1\" data-animation=\"\" data-delay=\"0\" >\n\t\t<div class=\"vc_column-inner\" >\n\t\t<div class=\"wpb_wrapper\">\n\t\t\t\n<div class=\"wpb_text_column wpb_content_element  medmed grey\" >\n\t<p>Derni\u00e8re mise \u00e0 jour : 29 septembre 2025<\/p>\n<p>La pr\u00e9sente politique de confidentialit\u00e9 d\u00e9crit la mani\u00e8re dont Gogo Sy collecte, utilise et prot\u00e8ge les informations personnelles que vous pouvez nous transmettre lors de votre navigation sur ce site internet.<\/p>\n<\/div>\n\n\n\n\n\t\t<\/div> \n\t<\/div>\n\t<\/div> \n<\/div><\/div><div id=\"fws_69dc33a734776\" data-midnight=\"\" data-column-margin=\"default\" class=\"wpb_row vc_row-fluid vc_row inner_row\"  style=\"\"><div class=\"row-bg-wrap\"> <div class=\"row-bg\" ><\/div> <\/div><div class=\"row_col_wrap_12_inner col span_12  left\">\n\t<div  class=\"vc_col-sm-12 wpb_column column_container vc_column_container col child_column no-extra-padding el_spacing_10px inherit_tablet inherit_phone \"   data-padding-pos=\"all\" data-has-bg-color=\"false\" data-bg-color=\"\" data-bg-opacity=\"1\" data-animation=\"\" data-delay=\"0\" >\n\t\t<div class=\"vc_column-inner\" >\n\t\t<div class=\"wpb_wrapper\">\n\t\t\t\n<div class=\"wpb_text_column wpb_content_element  medmed\" >\n\t<p>Donn\u00e9es collect\u00e9es<\/p>\n<\/div>\n\n\n\n\n<div class=\"wpb_text_column wpb_content_element  medmed grey\" >\n\t<p>Nous pouvons collecter les informations suivantes :<\/p>\n<ul>\n<li>Donn\u00e9es d\u2019identification (nom, pr\u00e9nom, email, t\u00e9l\u00e9phone) lorsque vous remplissez un formulaire de contact ou d\u2019inscription.<\/li>\n<li>Donn\u00e9es de navigation (adresses IP, type de navigateur, pages consult\u00e9es) \u00e0 des fins de mesure d\u2019audience et de s\u00e9curit\u00e9.<\/li>\n<\/ul>\n<\/div>\n\n\n\n\n\t\t<\/div> \n\t<\/div>\n\t<\/div> \n<\/div><\/div><div id=\"fws_69dc33a734961\" data-midnight=\"\" data-column-margin=\"default\" class=\"wpb_row vc_row-fluid vc_row inner_row\"  style=\"\"><div class=\"row-bg-wrap\"> <div class=\"row-bg\" ><\/div> <\/div><div class=\"row_col_wrap_12_inner col span_12  left\">\n\t<div  class=\"vc_col-sm-12 wpb_column column_container vc_column_container col child_column no-extra-padding el_spacing_10px inherit_tablet inherit_phone \"   data-padding-pos=\"all\" data-has-bg-color=\"false\" data-bg-color=\"\" data-bg-opacity=\"1\" data-animation=\"\" data-delay=\"0\" >\n\t\t<div class=\"vc_column-inner\" >\n\t\t<div class=\"wpb_wrapper\">\n\t\t\t\n<div class=\"wpb_text_column wpb_content_element  medmed\" >\n\t<p>Finalit\u00e9 de la collecte<\/p>\n<\/div>\n\n\n\n\n<div class=\"wpb_text_column wpb_content_element  medmed grey\" >\n\t<ul>\n<li>Les donn\u00e9es collect\u00e9es sont utilis\u00e9es pour :<\/li>\n<li>R\u00e9pondre \u00e0 vos demandes via les formulaires de contact.<\/li>\n<li>Vous envoyer des informations commerciales si vous y avez consenti.<\/li>\n<li>Am\u00e9liorer le fonctionnement du site et l\u2019exp\u00e9rience utilisateur.<\/li>\n<li>Assurer la s\u00e9curit\u00e9 du site.<\/li>\n<\/ul>\n<\/div>\n\n\n\n\n\t\t<\/div> \n\t<\/div>\n\t<\/div> \n<\/div><\/div><div id=\"fws_69dc33a734b24\" data-midnight=\"\" data-column-margin=\"default\" class=\"wpb_row vc_row-fluid vc_row inner_row\"  style=\"\"><div class=\"row-bg-wrap\"> <div class=\"row-bg\" ><\/div> <\/div><div class=\"row_col_wrap_12_inner col span_12  left\">\n\t<div  class=\"vc_col-sm-12 wpb_column column_container vc_column_container col child_column no-extra-padding el_spacing_10px inherit_tablet inherit_phone \"   data-padding-pos=\"all\" data-has-bg-color=\"false\" data-bg-color=\"\" data-bg-opacity=\"1\" data-animation=\"\" data-delay=\"0\" >\n\t\t<div class=\"vc_column-inner\" >\n\t\t<div class=\"wpb_wrapper\">\n\t\t\t\n<div class=\"wpb_text_column wpb_content_element  medmed\" >\n\t<p>Base l\u00e9gale<\/p>\n<\/div>\n\n\n\n\n<div class=\"wpb_text_column wpb_content_element  medmed grey\" >\n\t<p>Le traitement de vos donn\u00e9es repose sur :<\/p>\n<ul>\n<li>Votre consentement (formulaires, inscription \u00e0 la newsletter).<\/li>\n<li>L\u2019int\u00e9r\u00eat l\u00e9gitime de Gogo Sy pour am\u00e9liorer ses services et assurer la s\u00e9curit\u00e9 du site.<\/li>\n<li>Le respect d\u2019obligations l\u00e9gales.<\/li>\n<\/ul>\n<\/div>\n\n\n\n\n\t\t<\/div> \n\t<\/div>\n\t<\/div> \n<\/div><\/div><div id=\"fws_69dc33a734d07\" data-midnight=\"\" data-column-margin=\"default\" class=\"wpb_row vc_row-fluid vc_row inner_row\"  style=\"\"><div class=\"row-bg-wrap\"> <div class=\"row-bg\" ><\/div> <\/div><div class=\"row_col_wrap_12_inner col span_12  left\">\n\t<div  class=\"vc_col-sm-12 wpb_column column_container vc_column_container col child_column no-extra-padding el_spacing_10px inherit_tablet inherit_phone \"   data-padding-pos=\"all\" data-has-bg-color=\"false\" data-bg-color=\"\" data-bg-opacity=\"1\" data-animation=\"\" data-delay=\"0\" >\n\t\t<div class=\"vc_column-inner\" >\n\t\t<div class=\"wpb_wrapper\">\n\t\t\t\n<div class=\"wpb_text_column wpb_content_element  medmed\" >\n\t<p>Destinataires des donn\u00e9es<\/p>\n<\/div>\n\n\n\n\n<div class=\"wpb_text_column wpb_content_element  medmed grey\" >\n\t<p>Les donn\u00e9es sont destin\u00e9es uniquement \u00e0 Gogo Sy et ne sont pas revendues \u00e0 des tiers.<br \/>\nElles peuvent \u00eatre transmises \u00e0 des prestataires techniques (h\u00e9bergeur, outils de mesure d\u2019audience, emailings), strictement n\u00e9cessaires au fonctionnement du site.<\/p>\n<\/div>\n\n\n\n\n\t\t<\/div> \n\t<\/div>\n\t<\/div> \n<\/div><\/div><div id=\"fws_69dc33a734f19\" data-midnight=\"\" data-column-margin=\"default\" class=\"wpb_row vc_row-fluid vc_row inner_row\"  style=\"\"><div class=\"row-bg-wrap\"> <div class=\"row-bg\" ><\/div> <\/div><div class=\"row_col_wrap_12_inner col span_12  left\">\n\t<div  class=\"vc_col-sm-12 wpb_column column_container vc_column_container col child_column no-extra-padding el_spacing_10px inherit_tablet inherit_phone \"   data-padding-pos=\"all\" data-has-bg-color=\"false\" data-bg-color=\"\" data-bg-opacity=\"1\" data-animation=\"\" data-delay=\"0\" >\n\t\t<div class=\"vc_column-inner\" >\n\t\t<div class=\"wpb_wrapper\">\n\t\t\t\n<div class=\"wpb_text_column wpb_content_element  medmed\" >\n\t<p>Dur\u00e9e de conservation<\/p>\n<\/div>\n\n\n\n\n<div class=\"wpb_text_column wpb_content_element  medmed grey\" >\n\t<ul>\n<li>Donn\u00e9es issues des formulaires de contact : conserv\u00e9es pendant 3 ans \u00e0 compter du dernier contact.<\/li>\n<li>Donn\u00e9es de navigation (cookies) : conserv\u00e9es jusqu\u2019\u00e0 13 mois maximum.<\/li>\n<li>Donn\u00e9es relatives \u00e0 la newsletter : conserv\u00e9es jusqu\u2019\u00e0 votre d\u00e9sinscription.<\/li>\n<\/ul>\n<\/div>\n\n\n\n\n\t\t<\/div> \n\t<\/div>\n\t<\/div> \n<\/div><\/div><div id=\"fws_69dc33a735175\" data-midnight=\"\" data-column-margin=\"default\" class=\"wpb_row vc_row-fluid vc_row inner_row\"  style=\"\"><div class=\"row-bg-wrap\"> <div class=\"row-bg\" ><\/div> <\/div><div class=\"row_col_wrap_12_inner col span_12  left\">\n\t<div  class=\"vc_col-sm-12 wpb_column column_container vc_column_container col child_column no-extra-padding el_spacing_10px inherit_tablet inherit_phone \"   data-padding-pos=\"all\" data-has-bg-color=\"false\" data-bg-color=\"\" data-bg-opacity=\"1\" data-animation=\"\" data-delay=\"0\" >\n\t\t<div class=\"vc_column-inner\" >\n\t\t<div class=\"wpb_wrapper\">\n\t\t\t\n<div class=\"wpb_text_column wpb_content_element  medmed\" >\n\t<p>Droits<\/p>\n<\/div>\n\n\n\n\n<div class=\"wpb_text_column wpb_content_element  medmed grey\" >\n\t<p>Conform\u00e9ment au R\u00e8glement G\u00e9n\u00e9ral sur la Protection des Donn\u00e9es (RGPD), vous disposez des droits suivants :<\/p>\n<ul>\n<li>Droit d\u2019acc\u00e8s, de rectification, de suppression de vos donn\u00e9es.<\/li>\n<li>Droit de limitation ou d\u2019opposition au traitement.<\/li>\n<li>Droit \u00e0 la portabilit\u00e9 de vos donn\u00e9es.<\/li>\n<li>Pour exercer vos droits, vous pouvez nous contacter \u00e0 l\u2019adresse suivante : [email de contact].<\/li>\n<li>Vous pouvez \u00e9galement d\u00e9poser une r\u00e9clamation aupr\u00e8s de la CNIL (www.cnil.fr).<\/li>\n<\/ul>\n<\/div>\n\n\n\n\n\t\t<\/div> \n\t<\/div>\n\t<\/div> \n<\/div><\/div><div id=\"fws_69dc33a7353fe\" data-midnight=\"\" data-column-margin=\"default\" class=\"wpb_row vc_row-fluid vc_row inner_row\"  style=\"\"><div class=\"row-bg-wrap\"> <div class=\"row-bg\" ><\/div> <\/div><div class=\"row_col_wrap_12_inner col span_12  left\">\n\t<div  class=\"vc_col-sm-12 wpb_column column_container vc_column_container col child_column no-extra-padding el_spacing_10px inherit_tablet inherit_phone \"   data-padding-pos=\"all\" data-has-bg-color=\"false\" data-bg-color=\"\" data-bg-opacity=\"1\" data-animation=\"\" data-delay=\"0\" >\n\t\t<div class=\"vc_column-inner\" >\n\t\t<div class=\"wpb_wrapper\">\n\t\t\t\n<div class=\"wpb_text_column wpb_content_element  medmed\" >\n\t<p>Cookies<\/p>\n<\/div>\n\n\n\n\n<div class=\"wpb_text_column wpb_content_element  medmed grey\" >\n\t<p>Notre site utilise des cookies pour am\u00e9liorer l&rsquo;exp\u00e9rience utilisateur. Vous pouvez les d\u00e9sactiver dans les param\u00e8tres de votre navigateur et via l&rsquo;onglet pr\u00e9sent dans le pied de page du site web \u00ab\u00a0consentement\u00a0\u00bb.<\/p>\n<\/div>\n\n\n\n\n\t\t<\/div> \n\t<\/div>\n\t<\/div> \n<\/div><\/div><div id=\"fws_69dc33a735633\" data-midnight=\"\" data-column-margin=\"default\" class=\"wpb_row vc_row-fluid vc_row inner_row\"  style=\"\"><div class=\"row-bg-wrap\"> <div class=\"row-bg\" ><\/div> <\/div><div class=\"row_col_wrap_12_inner col span_12  left\">\n\t<div  class=\"vc_col-sm-12 wpb_column column_container vc_column_container col child_column no-extra-padding el_spacing_10px inherit_tablet inherit_phone \"   data-padding-pos=\"all\" data-has-bg-color=\"false\" data-bg-color=\"\" data-bg-opacity=\"1\" data-animation=\"\" data-delay=\"0\" >\n\t\t<div class=\"vc_column-inner\" >\n\t\t<div class=\"wpb_wrapper\">\n\t\t\t\n<div class=\"wpb_text_column wpb_content_element  medmed\" >\n\t<p>S\u00e9curit\u00e9<\/p>\n<\/div>\n\n\n\n\n<div class=\"wpb_text_column wpb_content_element  medmed grey\" >\n\t<p>Nous mettons en \u0153uvre les mesures techniques et organisationnelles appropri\u00e9es pour prot\u00e9ger vos donn\u00e9es personnelles contre toute perte, acc\u00e8s non autoris\u00e9, divulgation ou alt\u00e9ration.<\/p>\n<\/div>\n\n\n\n\n\t\t<\/div> \n\t<\/div>\n\t<\/div> \n<\/div><\/div><div id=\"fws_69dc33a735859\" data-midnight=\"\" data-column-margin=\"default\" class=\"wpb_row vc_row-fluid vc_row inner_row\"  style=\"\"><div class=\"row-bg-wrap\"> <div class=\"row-bg\" ><\/div> <\/div><div class=\"row_col_wrap_12_inner col span_12  left\">\n\t<div  class=\"vc_col-sm-12 wpb_column column_container vc_column_container col child_column no-extra-padding el_spacing_10px inherit_tablet inherit_phone \"   data-padding-pos=\"all\" data-has-bg-color=\"false\" data-bg-color=\"\" data-bg-opacity=\"1\" data-animation=\"\" data-delay=\"0\" >\n\t\t<div class=\"vc_column-inner\" >\n\t\t<div class=\"wpb_wrapper\">\n\t\t\t\n<div class=\"wpb_text_column wpb_content_element  medmed\" >\n\t<p>Modification de la politique de confidentialit\u00e9<\/p>\n<\/div>\n\n\n\n\n<div class=\"wpb_text_column wpb_content_element  medmed grey\" >\n\t<p>Nous nous r\u00e9servons le droit de modifier cette politique de confidentialit\u00e9. Les changements seront publi\u00e9s sur notre site.<\/p>\n<\/div>\n\n\n\n\n\t\t<\/div> \n\t<\/div>\n\t<\/div> \n<\/div><\/div>\n\t\t\t<\/div> \n\t\t<\/div>\n\t<\/div> \n<\/div><\/div>\n","protected":false},"excerpt":{"rendered":"Politique de confidentialit\u00e9 Derni\u00e8re mise \u00e0 jour : 29 septembre 2025 La pr\u00e9sente politique de confidentialit\u00e9 d\u00e9crit la mani\u00e8re dont Gogo Sy collecte, utilise et prot\u00e8ge les informations personnelles que...","protected":false},"author":1,"featured_media":0,"parent":0,"menu_order":0,"comment_status":"closed","ping_status":"closed","template":"","meta":{"_seopress_robots_primary_cat":"","_seopress_titles_title":"","_seopress_titles_desc":"","_seopress_robots_index":"","footnotes":""},"class_list":["post-177","page","type-page","status-publish"],"jetpack_sharing_enabled":true,"_links":{"self":[{"href":"https:\/\/gogosy-mua.com\/en\/wp-json\/wp\/v2\/pages\/177","targetHints":{"allow":["GET"]}}],"collection":[{"href":"https:\/\/gogosy-mua.com\/en\/wp-json\/wp\/v2\/pages"}],"about":[{"href":"https:\/\/gogosy-mua.com\/en\/wp-json\/wp\/v2\/types\/page"}],"author":[{"embeddable":true,"href":"https:\/\/gogosy-mua.com\/en\/wp-json\/wp\/v2\/users\/1"}],"replies":[{"embeddable":true,"href":"https:\/\/gogosy-mua.com\/en\/wp-json\/wp\/v2\/comments?post=177"}],"version-history":[{"count":2,"href":"https:\/\/gogosy-mua.com\/en\/wp-json\/wp\/v2\/pages\/177\/revisions"}],"predecessor-version":[{"id":487,"href":"https:\/\/gogosy-mua.com\/en\/wp-json\/wp\/v2\/pages\/177\/revisions\/487"}],"wp:attachment":[{"href":"https:\/\/gogosy-mua.com\/en\/wp-json\/wp\/v2\/media?parent=177"}],"curies":[{"name":"wp","href":"https:\/\/api.w.org\/{rel}","templated":true}]}}