{"id":175,"date":"2025-02-12T14:17:36","date_gmt":"2025-02-12T14:17:36","guid":{"rendered":"https:\/\/gogosy-mua.com\/?page_id=175"},"modified":"2025-02-13T09:40:30","modified_gmt":"2025-02-13T09:40:30","slug":"mentions-legales","status":"publish","type":"page","link":"https:\/\/gogosy-mua.com\/en\/mentions-legales\/","title":{"rendered":"Legal"},"content":{"rendered":"<div id=\"fws_69dc33a2226b8\"  data-column-margin=\"none\" data-midnight=\"dark\" data-top-percent=\"10%\" data-bottom-percent=\"10%\"  class=\"wpb_row vc_row-fluid vc_row full-width-content has-row-bg-color vc_row-o-equal-height vc_row-flex vc_row-o-content-top  right_padding_20pct left_padding_20pct top_padding_tablet_20pct top_padding_phone_20pct bottom_padding_tablet_20pct bottom_padding_phone_25pct right_padding_tablet_3pct right_padding_phone_3pct left_padding_tablet_3pct left_padding_phone_3pct\" data-using-ctc=\"true\" style=\"padding-top: calc(100vw * 0.10); padding-bottom: calc(100vw * 0.10); color: var(--nectar-page-text-color,#000000); --row-bg-color: #ffffff;\"><div class=\"row-bg-wrap\" data-bg-animation=\"none\" data-bg-animation-delay=\"\" data-bg-overlay=\"false\"><div class=\"inner-wrap row-bg-layer\" ><div class=\"row-bg viewport-desktop using-bg-color\"  style=\"background-color: #ffffff; \"><\/div><\/div><\/div><div class=\"row_col_wrap_12 col span_12 custom left\">\n\t<div  class=\"vc_col-sm-12 wpb_column column_container vc_column_container col no-extra-padding inherit_tablet inherit_phone\"  data-padding-pos=\"all\" data-has-bg-color=\"false\" data-bg-color=\"\" data-bg-opacity=\"1\" data-animation=\"\" data-delay=\"0\" >\n\t\t<div class=\"vc_column-inner\" >\n\t\t\t<div class=\"wpb_wrapper\">\n\t\t\t\t<div id=\"fws_69dc33a222a67\" data-midnight=\"\" data-column-margin=\"default\" class=\"wpb_row vc_row-fluid vc_row inner_row\"  style=\"\"><div class=\"row-bg-wrap\"> <div class=\"row-bg\" ><\/div> <\/div><div class=\"row_col_wrap_12_inner col span_12  left\">\n\t<div  class=\"vc_col-sm-12 wpb_column column_container vc_column_container col child_column no-extra-padding inherit_tablet inherit_phone\"   data-padding-pos=\"all\" data-has-bg-color=\"false\" data-bg-color=\"\" data-bg-opacity=\"1\" data-animation=\"\" data-delay=\"0\" >\n\t\t<div class=\"vc_column-inner\" >\n\t\t<div class=\"wpb_wrapper\">\n\t\t\t\n<div class=\"wpb_text_column wpb_content_element\" >\n\t<h1>Legal<\/h1>\n<\/div>\n\n\n\n\n\t\t<\/div> \n\t<\/div>\n\t<\/div> \n<\/div><\/div>\n\t\t\t<\/div> \n\t\t<\/div>\n\t<\/div> \n<\/div><\/div>\n\t\t<div id=\"fws_69dc33a222e7c\"  data-column-margin=\"none\" data-midnight=\"dark\" data-bottom-percent=\"15%\"  class=\"wpb_row vc_row-fluid vc_row full-width-content has-row-bg-color vc_row-o-equal-height vc_row-flex vc_row-o-content-middle  right_padding_20pct left_padding_20pct bottom_padding_tablet_25pct bottom_padding_phone_25pct right_padding_tablet_3pct right_padding_phone_3pct left_padding_tablet_3pct left_padding_phone_3pct\" data-using-ctc=\"true\" style=\"padding-top: 0px; padding-bottom: calc(100vw * 0.15); color: var(--nectar-page-text-color,#000000); --row-bg-color: #ffffff;\"><div class=\"row-bg-wrap\" data-bg-animation=\"none\" data-bg-animation-delay=\"\" data-bg-overlay=\"false\"><div class=\"inner-wrap row-bg-layer\" ><div class=\"row-bg viewport-desktop using-bg-color\"  style=\"background-color: #ffffff; \"><\/div><\/div><\/div><div class=\"row_col_wrap_12 col span_12 custom left\">\n\t<div  class=\"vc_col-sm-12 wpb_column column_container vc_column_container col no-extra-padding el_spacing_50px inherit_tablet inherit_phone\"  data-padding-pos=\"all\" data-has-bg-color=\"false\" data-bg-color=\"\" data-bg-opacity=\"1\" data-animation=\"\" data-delay=\"0\" >\n\t\t<div class=\"vc_column-inner\" >\n\t\t\t<div class=\"wpb_wrapper\">\n\t\t\t\t<div id=\"fws_69dc33a223062\" data-midnight=\"\" data-column-margin=\"default\" class=\"wpb_row vc_row-fluid vc_row inner_row\"  style=\"\"><div class=\"row-bg-wrap\"> <div class=\"row-bg\" ><\/div> <\/div><div class=\"row_col_wrap_12_inner col span_12  left\">\n\t<div  class=\"vc_col-sm-12 wpb_column column_container vc_column_container col child_column no-extra-padding el_spacing_10px inherit_tablet inherit_phone\"   data-padding-pos=\"all\" data-has-bg-color=\"false\" data-bg-color=\"\" data-bg-opacity=\"1\" data-animation=\"\" data-delay=\"0\" >\n\t\t<div class=\"vc_column-inner\" >\n\t\t<div class=\"wpb_wrapper\">\n\t\t\t\n<div class=\"wpb_text_column wpb_content_element\" >\n\t<p><strong>\u00c9diteur du site internet<\/strong><\/p>\n<\/div>\n\n\n\n\n<div class=\"wpb_text_column wpb_content_element\" >\n\t<p>Le pr\u00e9sent site, accessible \u00e0 partir de l\u2019adresse https:\/\/gogosy-mua.com (le \u00ab Site web \u00bb) est \u00e9dit\u00e9 par Gogo Sy, EI immatricul\u00e9e 83402770800017.<\/p>\n<p>Responsable de la publication : Gogo Sy<br \/>\nEmail : <a href=\"mailto:info@notinparisnow.com\">info@notinparisnow.com<\/a><br \/>\nT\u00e9l\u00e9phone : +33 (0)6 33 23 12 08<\/p>\n<p>H\u00e9bergement : Hostinger<br \/>\nLe site web est h\u00e9berg\u00e9 sur le serveur de Paris France.<br \/>\nSi\u00e8ge social : Kaunas, Jonavos g. 60c, Lithuania<\/p>\n<\/div>\n\n\n\n\n\t\t<\/div> \n\t<\/div>\n\t<\/div> \n<\/div><\/div><div id=\"fws_69dc33a223398\" data-midnight=\"\" data-column-margin=\"default\" class=\"wpb_row vc_row-fluid vc_row inner_row\"  style=\"\"><div class=\"row-bg-wrap\"> <div class=\"row-bg\" ><\/div> <\/div><div class=\"row_col_wrap_12_inner col span_12  left\">\n\t<div  class=\"vc_col-sm-12 wpb_column column_container vc_column_container col child_column no-extra-padding el_spacing_10px inherit_tablet inherit_phone\"   data-padding-pos=\"all\" data-has-bg-color=\"false\" data-bg-color=\"\" data-bg-opacity=\"1\" data-animation=\"\" data-delay=\"0\" >\n\t\t<div class=\"vc_column-inner\" >\n\t\t<div class=\"wpb_wrapper\">\n\t\t\t\n<div class=\"wpb_text_column wpb_content_element\" >\n\t<p><strong>Design et d\u00e9veloppement<\/strong><\/p>\n<\/div>\n\n\n\n\n<div class=\"wpb_text_column wpb_content_element\" >\n\t<p>Not In Paris Now<br \/>\n<a href=\"http:\/\/notinparisnow.com\/\" target=\"_blank\" rel=\"noopener\">notinparisnow.com<\/a><\/p>\n<\/div>\n\n\n\n\n\t\t<\/div> \n\t<\/div>\n\t<\/div> \n<\/div><\/div><div id=\"fws_69dc33a22360a\" data-midnight=\"\" data-column-margin=\"default\" class=\"wpb_row vc_row-fluid vc_row inner_row\"  style=\"\"><div class=\"row-bg-wrap\"> <div class=\"row-bg\" ><\/div> <\/div><div class=\"row_col_wrap_12_inner col span_12  left\">\n\t<div  class=\"vc_col-sm-12 wpb_column column_container vc_column_container col child_column no-extra-padding el_spacing_10px inherit_tablet inherit_phone\"   data-padding-pos=\"all\" data-has-bg-color=\"false\" data-bg-color=\"\" data-bg-opacity=\"1\" data-animation=\"\" data-delay=\"0\" >\n\t\t<div class=\"vc_column-inner\" >\n\t\t<div class=\"wpb_wrapper\">\n\t\t\t\n<div class=\"wpb_text_column wpb_content_element\" >\n\t<p><strong>Conditions d&rsquo;utilisation<\/strong><\/p>\n<\/div>\n\n\n\n\n<div class=\"wpb_text_column wpb_content_element\" >\n\t<p>La consultation et l\u2019utilisation du Site web impliquent l\u2019acceptation sans r\u00e9serve des pr\u00e9sentes mentions l\u00e9gales, Gogo Sy se r\u00e9serve le droit de les modifier \u00e0 tout moment et sans pr\u00e9avis.<\/p>\n<p>Gogo Sy met en \u0153uvre tous les moyens dont elle dispose pour assurer un acc\u00e8s fiable et continu au Site web et aux informations qu\u2019il contient. Toutefois, Gogo Sy ne pourra \u00eatre tenu responsable de tout dommage direct ou indirect r\u00e9sultant de la consultation du Site web ou de l\u2019utilisation des informations qu\u2019il contient.<\/p>\n<p>Les donn\u00e9es et informations fournies par le Site web le sont \u00e0 titre indicatif et non exhaustif et ne constituent en aucun cas un acte de conseil juridique, de d\u00e9marchage, de sollicitation ou une offre de services.<\/p>\n<\/div>\n\n\n\n\n\t\t<\/div> \n\t<\/div>\n\t<\/div> \n<\/div><\/div><div id=\"fws_69dc33a223947\" data-midnight=\"\" data-column-margin=\"default\" class=\"wpb_row vc_row-fluid vc_row inner_row\"  style=\"\"><div class=\"row-bg-wrap\"> <div class=\"row-bg\" ><\/div> <\/div><div class=\"row_col_wrap_12_inner col span_12  left\">\n\t<div  class=\"vc_col-sm-12 wpb_column column_container vc_column_container col child_column no-extra-padding el_spacing_10px inherit_tablet inherit_phone\"   data-padding-pos=\"all\" data-has-bg-color=\"false\" data-bg-color=\"\" data-bg-opacity=\"1\" data-animation=\"\" data-delay=\"0\" >\n\t\t<div class=\"vc_column-inner\" >\n\t\t<div class=\"wpb_wrapper\">\n\t\t\t\n<div class=\"wpb_text_column wpb_content_element\" >\n\t<p><strong>Liens hypertextes<\/strong><\/p>\n<\/div>\n\n\n\n\n<div class=\"wpb_text_column wpb_content_element\" >\n\t<p>Le Site web peut contenir des liens hypertextes vers des sites tiers sur lesquels Gogo Sy n\u2019a aucun contr\u00f4le. En cons\u00e9quence, Gogo Sy n\u2019assume aucune responsabilit\u00e9 quant \u00e0 l\u2019acc\u00e8s et au contenu de ces sites tiers.<\/p>\n<p>La cr\u00e9ation de liens hypertextes depuis des sites tiers vers le Site web est soumise \u00e0 l\u2019autorisation \u00e9crite et pr\u00e9alable de Gogo Sy.<\/p>\n<\/div>\n\n\n\n\n\t\t<\/div> \n\t<\/div>\n\t<\/div> \n<\/div><\/div><div id=\"fws_69dc33a223c17\" data-midnight=\"\" data-column-margin=\"default\" class=\"wpb_row vc_row-fluid vc_row inner_row\"  style=\"\"><div class=\"row-bg-wrap\"> <div class=\"row-bg\" ><\/div> <\/div><div class=\"row_col_wrap_12_inner col span_12  left\">\n\t<div  class=\"vc_col-sm-12 wpb_column column_container vc_column_container col child_column no-extra-padding el_spacing_10px inherit_tablet inherit_phone\"   data-padding-pos=\"all\" data-has-bg-color=\"false\" data-bg-color=\"\" data-bg-opacity=\"1\" data-animation=\"\" data-delay=\"0\" >\n\t\t<div class=\"vc_column-inner\" >\n\t\t<div class=\"wpb_wrapper\">\n\t\t\t\n<div class=\"wpb_text_column wpb_content_element\" >\n\t<p><strong>Propri\u00e9t\u00e9 intellectuelle<\/strong><\/p>\n<\/div>\n\n\n\n\n<div class=\"wpb_text_column wpb_content_element\" >\n\t<p>Le Site web et chacun des \u00e9l\u00e9ments qui le composent, et notamment les scripts, textes, illustrations, vid\u00e9os, newsletters (les \u00ab ELEMENTS DE PROPRIETE INTELLECTUELLE \u00bb) sont prot\u00e9g\u00e9s par le droit de la propri\u00e9t\u00e9 intellectuelle. Ils sont la propri\u00e9t\u00e9 exclusive de Gogo Sy ou des d\u00e9tenteurs de ces titres.<\/p>\n<p>La reproduction, transmission, repr\u00e9sentation ou diffusion totale ou partielle du Site web et\/ou des El\u00e9ments de Propri\u00e9t\u00e9 Intellectuelle \u00e0 d\u2019autres fins qu\u2019un usage strictement personnel et priv\u00e9 est strictement interdite et constituerait une contrefa\u00e7on pouvant engager la responsabilit\u00e9 civile et p\u00e9nale de son auteur.<\/p>\n<p>Il est strictement interdit d\u2019utiliser ou de reproduire le nom \u00ab Gogo Sy \u00bb, ainsi que tout logo et visuel de \u00ab Gogo Sy \u00bb, seuls ou associ\u00e9s, \u00e0 quelque titre que ce soit.<\/p>\n<\/div>\n\n\n\n\n\t\t<\/div> \n\t<\/div>\n\t<\/div> \n<\/div><\/div>\n\t\t\t<\/div> \n\t\t<\/div>\n\t<\/div> \n<\/div><\/div>","protected":false},"excerpt":{"rendered":"Mentions l\u00e9gales \u00c9diteur du site internet Le pr\u00e9sent site, accessible \u00e0 partir de l\u2019adresse https:\/\/gogosy-mua.com (le \u00ab Site web \u00bb) est \u00e9dit\u00e9 par Gogo Sy, EI immatricul\u00e9e 83402770800017. Responsable de...","protected":false},"author":1,"featured_media":0,"parent":0,"menu_order":0,"comment_status":"closed","ping_status":"closed","template":"","meta":{"_seopress_robots_primary_cat":"","_seopress_titles_title":"","_seopress_titles_desc":"","_seopress_robots_index":"","footnotes":""},"class_list":["post-175","page","type-page","status-publish"],"jetpack_sharing_enabled":true,"_links":{"self":[{"href":"https:\/\/gogosy-mua.com\/en\/wp-json\/wp\/v2\/pages\/175","targetHints":{"allow":["GET"]}}],"collection":[{"href":"https:\/\/gogosy-mua.com\/en\/wp-json\/wp\/v2\/pages"}],"about":[{"href":"https:\/\/gogosy-mua.com\/en\/wp-json\/wp\/v2\/types\/page"}],"author":[{"embeddable":true,"href":"https:\/\/gogosy-mua.com\/en\/wp-json\/wp\/v2\/users\/1"}],"replies":[{"embeddable":true,"href":"https:\/\/gogosy-mua.com\/en\/wp-json\/wp\/v2\/comments?post=175"}],"version-history":[{"count":3,"href":"https:\/\/gogosy-mua.com\/en\/wp-json\/wp\/v2\/pages\/175\/revisions"}],"predecessor-version":[{"id":436,"href":"https:\/\/gogosy-mua.com\/en\/wp-json\/wp\/v2\/pages\/175\/revisions\/436"}],"wp:attachment":[{"href":"https:\/\/gogosy-mua.com\/en\/wp-json\/wp\/v2\/media?parent=175"}],"curies":[{"name":"wp","href":"https:\/\/api.w.org\/{rel}","templated":true}]}}