{"id":170,"date":"2025-02-12T14:17:26","date_gmt":"2025-02-12T14:17:26","guid":{"rendered":"https:\/\/gogosy-mua.com\/?page_id=170"},"modified":"2025-02-26T08:40:10","modified_gmt":"2025-02-26T08:40:10","slug":"a-propos","status":"publish","type":"page","link":"https:\/\/gogosy-mua.com\/en\/a-propos\/","title":{"rendered":"About"},"content":{"rendered":"<div id=\"fws_69e1646296ec0\"  data-column-margin=\"none\" data-midnight=\"light\"  class=\"wpb_row vc_row-fluid vc_row full-width-content vc_row-o-equal-height vc_row-flex vc_row-o-content-top parallax_section zindex-set\"  style=\"padding-top: 0px; padding-bottom: 0px;  z-index: 2;\"><div class=\"row-bg-wrap\" data-bg-animation=\"none\" data-bg-animation-delay=\"\" data-bg-overlay=\"false\"><div class=\"inner-wrap row-bg-layer using-image\" ><div class=\"row-bg viewport-desktop using-image\" data-parallax-speed=\"medium_fast\" style=\"background-image: url(https:\/\/gogosy-mua.com\/wp-content\/uploads\/2025\/02\/gogosy-portfolio-creatif-10.webp); background-position: center top; background-repeat: no-repeat; \"><\/div><\/div><\/div><div class=\"row_col_wrap_12 col span_12 light left\">\n\t<div  class=\"vc_col-sm-12 wpb_column column_container vc_column_container col no-extra-padding el_spacing_0px inherit_tablet inherit_phone backdrop_filter_blur backdrop_blur_18\"  data-padding-pos=\"all\" data-has-bg-color=\"false\" data-bg-color=\"\" data-bg-opacity=\"1\" data-animation=\"\" data-delay=\"0\" >\n\t\t<div class=\"vc_column-inner\" >\n\t\t\t<div class=\"wpb_wrapper\">\n\t\t\t\t<div id=\"fws_69e164629726f\" data-midnight=\"\" data-column-margin=\"20px\" class=\"wpb_row vc_row-fluid vc_row inner_row vc_row-o-equal-height vc_row-flex vc_row-o-content-top right_padding_70px left_padding_70px top_padding_tablet_50pct top_padding_phone_50pct bottom_padding_tablet_30pct bottom_padding_phone_30pct right_padding_tablet_4pct right_padding_phone_4pct left_padding_tablet_4pct left_padding_phone_4pct\"  style=\"padding-top: 20%; padding-bottom: 10%; \"><div class=\"row-bg-wrap\"> <div class=\"row-bg\" ><\/div> <\/div><div class=\"row_col_wrap_12_inner col span_12  left\">\n\t<div  class=\"vc_col-sm-6 wpb_column column_container vc_column_container col child_column no-extra-padding bottom_margin_tablet_50px bottom_margin_phone_50px inherit_tablet inherit_phone\"   data-padding-pos=\"all\" data-has-bg-color=\"false\" data-bg-color=\"\" data-bg-opacity=\"1\" data-animation=\"\" data-delay=\"0\" >\n\t\t<div class=\"vc_column-inner\" >\n\t\t<div class=\"wpb_wrapper\">\n\t\t\t\n<div class=\"wpb_text_column wpb_content_element\" >\n\t<h1>About<\/h1>\n<\/div>\n\n\n\n\n\t\t<\/div> \n\t<\/div>\n\t<\/div> \n\n\t<div  class=\"vc_col-sm-6 wpb_column column_container vc_column_container col child_column no-extra-padding el_spacing_50px inherit_tablet inherit_phone\"   data-padding-pos=\"all\" data-has-bg-color=\"false\" data-bg-color=\"\" data-bg-opacity=\"1\" data-animation=\"\" data-delay=\"0\" >\n\t\t<div class=\"vc_column-inner\" >\n\t\t<div class=\"wpb_wrapper\">\n\t\t\t\n<div class=\"wpb_text_column wpb_content_element\" >\n\t<h2>Creative style<\/h2>\n<\/div>\n\n\n\n\n<div class=\"wpb_text_column wpb_content_element\" >\n\t<p>Enhancing the models\u2019 faces with a natural but fresh modern look and a gentle touch is my signature. Because I believe that \u201cthere\u2019s beauty in simplicity\u201d I put my make up skills at the service of a modern, artistic and gentle esthetics!<\/p>\n<\/div>\n\n\n\n<div class=\"divider-wrap height_tablet_0px height_phone_0px\" data-alignment=\"default\"><div style=\"margin-top: 0px; width: 300px; height: 1px; margin-bottom: 0px;\" data-width=\"300px\" data-animate=\"yes\" data-animation-delay=\"\" data-color=\"extra-color-2\" class=\"divider-small-border\"><\/div><\/div>\n<div class=\"wpb_text_column wpb_content_element\" >\n\t<h2>Values<\/h2>\n<\/div>\n\n\n\n\n<div class=\"wpb_text_column wpb_content_element\" >\n\t<p>I think that every make-up artist should be able to do make up on any skin type. I\u2019m also aware of the earth and climate issues so I take a great interest in the products that I use. I advocate for diversity and I\u2019m a very ethical person both personally and professionally (I show discretion when I\u2019m on a job).<\/p>\n<\/div>\n\n\n\n\n\t\t<\/div> \n\t<\/div>\n\t<\/div> \n<\/div><\/div>\n\t\t\t<\/div> \n\t\t<\/div>\n\t<\/div> \n<\/div><\/div>\n\t\t<div id=\"fws_69e1646297cd1\"  data-column-margin=\"none\" data-midnight=\"light\"  class=\"wpb_row vc_row-fluid vc_row full-width-content vc_row-o-equal-height vc_row-flex vc_row-o-content-top parallax_section top_margin_-10px zindex-set top_margin_tablet_-10px top_margin_phone_-10px\"  style=\"padding-top: 0px; padding-bottom: 0px;  z-index: 10;\"><div class=\"row-bg-wrap\" data-bg-animation=\"none\" data-bg-animation-delay=\"\" data-bg-overlay=\"false\"><div class=\"inner-wrap row-bg-layer\" ><div class=\"row-bg viewport-desktop using-bg-color\" data-parallax-speed=\"medium_fast\" style=\"background-color: #1a1a1a; \"><\/div><\/div><\/div><div class=\"row_col_wrap_12 col span_12 light left\">\n\t<div  class=\"vc_col-sm-12 wpb_column column_container vc_column_container col no-extra-padding el_spacing_0px inherit_tablet inherit_phone\"  data-padding-pos=\"all\" data-has-bg-color=\"false\" data-bg-color=\"\" data-bg-opacity=\"1\" data-animation=\"\" data-delay=\"0\" >\n\t\t<div class=\"vc_column-inner\" >\n\t\t\t<div class=\"wpb_wrapper\">\n\t\t\t\t<div id=\"fws_69e1646297ecf\" data-midnight=\"\" data-column-margin=\"20px\" class=\"wpb_row vc_row-fluid vc_row inner_row vc_row-o-equal-height vc_row-flex vc_row-o-content-top right_padding_70px left_padding_70px top_padding_tablet_30pct top_padding_phone_30pct bottom_padding_tablet_30pct bottom_padding_phone_30pct right_padding_tablet_4pct right_padding_phone_4pct left_padding_tablet_4pct left_padding_phone_4pct\"  style=\"padding-top: 10%; padding-bottom: 10%; \"><div class=\"row-bg-wrap\"> <div class=\"row-bg\" ><\/div> <\/div><div class=\"row_col_wrap_12_inner col span_12  left\">\n\t<div  class=\"vc_col-sm-2 wpb_column column_container vc_column_container col child_column no-extra-padding el_spacing_50px bottom_margin_tablet_50px bottom_margin_phone_50px inherit_tablet inherit_phone\"   data-padding-pos=\"all\" data-has-bg-color=\"false\" data-bg-color=\"\" data-bg-opacity=\"1\" data-animation=\"\" data-delay=\"0\" >\n\t\t<div class=\"vc_column-inner\" >\n\t\t<div class=\"wpb_wrapper\">\n\t\t\t\n<div class=\"wpb_text_column wpb_content_element\" >\n\t<h1>Career<\/h1>\n<\/div>\n\n\n\n\n\t\t<\/div> \n\t<\/div>\n\t<\/div> \n\n\t<div  class=\"vc_col-sm-5 wpb_column column_container vc_column_container col child_column no-extra-padding bottom_margin_tablet_50px bottom_margin_phone_50px inherit_tablet inherit_phone\"   data-padding-pos=\"all\" data-has-bg-color=\"false\" data-bg-color=\"\" data-bg-opacity=\"1\" data-animation=\"\" data-delay=\"0\" >\n\t\t<div class=\"vc_column-inner\" >\n\t\t<div class=\"wpb_wrapper\">\n\t\t\t<div class=\"img-with-aniamtion-wrap center\" data-max-width=\"50%\" data-max-width-mobile=\"default\" data-shadow=\"none\" data-animation=\"none\" >\n      <div class=\"inner\">\n        <div class=\"hover-wrap\"> \n          <div class=\"hover-wrap-inner\">\n            <img loading=\"lazy\" decoding=\"async\" class=\"img-with-animation skip-lazy\" data-delay=\"0\" height=\"1920\" width=\"1280\" data-animation=\"none\" src=\"https:\/\/gogosy-mua.com\/wp-content\/uploads\/2025\/02\/gogosy-about-photo-04.webp\" alt=\"\" srcset=\"https:\/\/gogosy-mua.com\/wp-content\/uploads\/2025\/02\/gogosy-about-photo-04.webp 1280w, https:\/\/gogosy-mua.com\/wp-content\/uploads\/2025\/02\/gogosy-about-photo-04-200x300.webp 200w, https:\/\/gogosy-mua.com\/wp-content\/uploads\/2025\/02\/gogosy-about-photo-04-683x1024.webp 683w, https:\/\/gogosy-mua.com\/wp-content\/uploads\/2025\/02\/gogosy-about-photo-04-768x1152.webp 768w, https:\/\/gogosy-mua.com\/wp-content\/uploads\/2025\/02\/gogosy-about-photo-04-1024x1536.webp 1024w\" sizes=\"auto, (max-width: 1280px) 100vw, 1280px\" \/>\n          <\/div>\n        <\/div>\n        \n      <\/div>\n    <\/div>\n\t\t<\/div> \n\t<\/div>\n\t<\/div> \n\n\t<div  class=\"vc_col-sm-5 wpb_column column_container vc_column_container col child_column no-extra-padding el_spacing_50px inherit_tablet inherit_phone\"   data-padding-pos=\"all\" data-has-bg-color=\"false\" data-bg-color=\"\" data-bg-opacity=\"1\" data-animation=\"\" data-delay=\"0\" >\n\t\t<div class=\"vc_column-inner\" >\n\t\t<div class=\"wpb_wrapper\">\n\t\t\t\n<div class=\"wpb_text_column wpb_content_element\" >\n\t<p>Coming from Arts background, after getting my high school diploma I went to the University of Creteil where I got my English degree. I always knew that I wanted to become a businesswoman but I simply didn\u2019t know the field yet.<\/p>\n<p>It was during my master\u2019s degree year while preparing an essay on 2 of Jane Austin\u2019s novel, that I found out what I really wanted to do: working in the beauty industry!<\/p>\n<p>So I dropped everything to get an NVQ in esthetics! After that, I started working in retail for various brands (Nyx, Kiko\u2026). While working for Adopt\u2019, where clients were often asking me If I do make up too, I got the idea of starting my own business and becoming a make-up artist.<\/p>\n<p>As I just had some basis in make up I decided to educate myself in make up and went to a self-taught make up artist. That\u2019s how my career as a make-up artist started.<\/p>\n<p>Becoming more and more interested in the fashion and beauty industry, I knew that I wanted to work as a beauty make-up artist so I went to see Cristelle Ballet a fashion &amp; beauty make-up artist with 30 years of experience in fashion. She taught me how to do beauty make up.<\/p>\n<p>Since then, I\u2019ve only been working with people from the fashion industry (brands, stylist\u2026) and I absolutely love my job! I always challenge myself to do more creative make up looks and don\u2019t limit myself.<\/p>\n<\/div>\n\n\n\n<a class=\"nectar-button large see-through-2  has-icon\"  role=\"button\" style=\"border-color: #ffffff; color: #ffffff;\"  href=\"\/en\/contact\/\" data-color-override=\"#ffffff\"  data-hover-color-override=\"#ffffff\" data-hover-text-color-override=\"#000000\"><span>Contact<\/span><i  class=\"icon-button-arrow\"><\/i><\/a>\n\t\t<\/div> \n\t<\/div>\n\t<\/div> \n<\/div><\/div>\n\t\t\t<\/div> \n\t\t<\/div>\n\t<\/div> \n<\/div><\/div>","protected":false},"excerpt":{"rendered":"\u00c0 propos Style cr\u00e9atif Plut\u00f4t d\u00e9licate dans ma fa\u00e7on de maquiller, j\u2019aime le c\u00f4t\u00e9 naturel. Je maquille les mod\u00e8les sans avoir \u00e0 les transformer. Mon mantra c\u2019est \u00ab\u00a0there\u2019s beauty in...","protected":false},"author":1,"featured_media":0,"parent":0,"menu_order":0,"comment_status":"closed","ping_status":"closed","template":"","meta":{"_seopress_robots_primary_cat":"","_seopress_titles_title":"","_seopress_titles_desc":"","_seopress_robots_index":"","footnotes":""},"class_list":["post-170","page","type-page","status-publish"],"jetpack_sharing_enabled":true,"_links":{"self":[{"href":"https:\/\/gogosy-mua.com\/en\/wp-json\/wp\/v2\/pages\/170","targetHints":{"allow":["GET"]}}],"collection":[{"href":"https:\/\/gogosy-mua.com\/en\/wp-json\/wp\/v2\/pages"}],"about":[{"href":"https:\/\/gogosy-mua.com\/en\/wp-json\/wp\/v2\/types\/page"}],"author":[{"embeddable":true,"href":"https:\/\/gogosy-mua.com\/en\/wp-json\/wp\/v2\/users\/1"}],"replies":[{"embeddable":true,"href":"https:\/\/gogosy-mua.com\/en\/wp-json\/wp\/v2\/comments?post=170"}],"version-history":[{"count":34,"href":"https:\/\/gogosy-mua.com\/en\/wp-json\/wp\/v2\/pages\/170\/revisions"}],"predecessor-version":[{"id":449,"href":"https:\/\/gogosy-mua.com\/en\/wp-json\/wp\/v2\/pages\/170\/revisions\/449"}],"wp:attachment":[{"href":"https:\/\/gogosy-mua.com\/en\/wp-json\/wp\/v2\/media?parent=170"}],"curies":[{"name":"wp","href":"https:\/\/api.w.org\/{rel}","templated":true}]}}